{"id":38,"date":"2015-02-19T14:17:53","date_gmt":"2015-02-19T13:17:53","guid":{"rendered":"http:\/\/britz-catering.de\/?page_id=38"},"modified":"2021-09-17T15:37:21","modified_gmt":"2021-09-17T13:37:21","slug":"mediterranes-buffet","status":"publish","type":"page","link":"https:\/\/britz-catering.de\/?page_id=38","title":{"rendered":"italienisches Buffet"},"content":{"rendered":"\n<p class=\"has-background\" style=\"background-color:#96296c\"><\/p>\n\n\n\n<div class=\"wp-block-columns is-layout-flex wp-container-core-columns-is-layout-9d6595d7 wp-block-columns-is-layout-flex\">\n<div class=\"wp-block-column is-layout-flow wp-block-column-is-layout-flow\" style=\"flex-basis:33.33%\">\n<figure class=\"wp-block-image size-full\"><a href=\"https:\/\/britz-catering.de\/wp-content\/uploads\/2021\/09\/menupics-large-ital.jpg\"><img loading=\"lazy\" decoding=\"async\" width=\"1000\" height=\"1000\" src=\"https:\/\/britz-catering.de\/wp-content\/uploads\/2021\/09\/menupics-large-ital.jpg\" alt=\"\" class=\"wp-image-186\" srcset=\"https:\/\/britz-catering.de\/wp-content\/uploads\/2021\/09\/menupics-large-ital.jpg 1000w, https:\/\/britz-catering.de\/wp-content\/uploads\/2021\/09\/menupics-large-ital-300x300.jpg 300w, https:\/\/britz-catering.de\/wp-content\/uploads\/2021\/09\/menupics-large-ital-150x150.jpg 150w, https:\/\/britz-catering.de\/wp-content\/uploads\/2021\/09\/menupics-large-ital-768x768.jpg 768w, https:\/\/britz-catering.de\/wp-content\/uploads\/2021\/09\/menupics-large-ital-230x230.jpg 230w, https:\/\/britz-catering.de\/wp-content\/uploads\/2021\/09\/menupics-large-ital-330x330.jpg 330w\" sizes=\"auto, (max-width: 1000px) 100vw, 1000px\" \/><\/a><\/figure>\n\n\n\n<p class=\"has-text-color font-size-20\">Mein<br><img decoding=\"async\" src=\"wp-content\/uploads\/2021\/09\/words-italienisch.png\" alt=\"italienisches\"><br>BUFFET<\/p><hr>\n<\/div>\n\n\n\n<div class=\"wp-block-column is-layout-flow wp-block-column-is-layout-flow\" style=\"flex-basis:66.66%\">\n<div class=\"franzlilie\">\n<p><img decoding=\"async\" src=\"wp-content\/uploads\/2021\/09\/words-mediterran.png\" alt=\"Mediterrane Vielfalt\"><\/p>\n<ul class=\"listicon\"><li class=\"font-size-20\">Antipasti<br><\/li><li class=\"font-size-20\">Marinierte Zucchini mit altem Aceto Balsamico<br><\/li><li class=\"font-size-20\">Gr\u00fcne und schwarze Oliven aus Ligurien<br><\/li><li class=\"font-size-20\">Artischockenherzen mit Rosmarin\u00f6l<br><\/li><li class=\"font-size-20\">Sonnengereifte Tomaten mit B\u00fcffelmozzarella und Basilikumpesto<br><\/li><li class=\"font-size-20\">Melone mit 12 Monate gereiftem Parmaschinken<br><\/li><li class=\"font-size-20\">Gem\u00fcsesalat mit Cabanossi<\/li><li class=\"font-size-20\">Panna cotta vom Grana Padano auf Rocolatomatenchutney <\/li><li class=\"font-size-20\">R\u00f6llchen von gegrillter Paprika und Frischk\u00e4se<\/li><li class=\"font-size-20\">Sizilianische Reisb\u00e4llchen<\/li><li class=\"font-size-20\">Vitello Tonnato<\/li><\/ul>\n<p class=\"has-text-color font-size-20\" style=\"color:#96296c\">Maispourladenbrust im Pergamentpapier gegart mit Sugo vom frischen Strauchtomaten und Rosmarinkartoffeln<\/p>\n<p class=\"has-text-color font-size-20\" style=\"color:#96296c\">Doradenfilet mit Pinienkernkr\u00e4uterkruste und Kartoffelolivenstampf<\/p>\n<p><img decoding=\"async\" src=\"wp-content\/uploads\/2021\/09\/words-oder.png\" alt=\"oder\"><\/p>\n<p class=\"has-text-color font-size-20\" style=\"color:#96296c\">Hohe Rippe vom Weidenrind in Barolo geschmort mit Risotto Milanese<\/p>\n<p class=\"has-text-color font-size-20\" style=\"color:#96296c\">Gef\u00fclltes Filet vom Schwein im Pancettamantel und Zucchinipappardelle<\/p>\n<\/div>\n\n\n\n<p><\/p>\n<\/div>\n<\/div>\n\n\n\n<p class=\"has-background\" style=\"background-color:#96296c\"><\/p>\n","protected":false},"excerpt":{"rendered":"<p>MeinBUFFET Antipasti Marinierte Zucchini mit altem Aceto Balsamico Gr\u00fcne und schwarze Oliven aus Ligurien Artischockenherzen mit Rosmarin\u00f6l Sonnengereifte Tomaten mit B\u00fcffelmozzarella und Basilikumpesto Melone mit 12 Monate gereiftem Parmaschinken Gem\u00fcsesalat mit Cabanossi Panna cotta vom Grana Padano auf Rocolatomatenchutney R\u00f6llchen<a class=\"more-link\" href=\"https:\/\/britz-catering.de\/?page_id=38\" title=\"italienisches Buffet\"><span>Read more<\/span><\/a><\/p>\n","protected":false},"author":1,"featured_media":0,"parent":0,"menu_order":0,"comment_status":"closed","ping_status":"closed","template":"","meta":{"footnotes":""},"class_list":["post-38","page","type-page","status-publish","hentry"],"_links":{"self":[{"href":"https:\/\/britz-catering.de\/index.php?rest_route=\/wp\/v2\/pages\/38","targetHints":{"allow":["GET"]}}],"collection":[{"href":"https:\/\/britz-catering.de\/index.php?rest_route=\/wp\/v2\/pages"}],"about":[{"href":"https:\/\/britz-catering.de\/index.php?rest_route=\/wp\/v2\/types\/page"}],"author":[{"embeddable":true,"href":"https:\/\/britz-catering.de\/index.php?rest_route=\/wp\/v2\/users\/1"}],"replies":[{"embeddable":true,"href":"https:\/\/britz-catering.de\/index.php?rest_route=%2Fwp%2Fv2%2Fcomments&post=38"}],"version-history":[{"count":15,"href":"https:\/\/britz-catering.de\/index.php?rest_route=\/wp\/v2\/pages\/38\/revisions"}],"predecessor-version":[{"id":240,"href":"https:\/\/britz-catering.de\/index.php?rest_route=\/wp\/v2\/pages\/38\/revisions\/240"}],"wp:attachment":[{"href":"https:\/\/britz-catering.de\/index.php?rest_route=%2Fwp%2Fv2%2Fmedia&parent=38"}],"curies":[{"name":"wp","href":"https:\/\/api.w.org\/{rel}","templated":true}]}}