{"id":41,"date":"2015-02-19T14:18:35","date_gmt":"2015-02-19T13:18:35","guid":{"rendered":"http:\/\/britz-catering.de\/?page_id=41"},"modified":"2021-09-17T15:41:34","modified_gmt":"2021-09-17T13:41:34","slug":"asiatisches-buffet","status":"publish","type":"page","link":"https:\/\/britz-catering.de\/?page_id=41","title":{"rendered":"asiatisches Buffet"},"content":{"rendered":"\n<p class=\"has-background\" style=\"background-color:#96296c\"><\/p>\n\n\n\n<div class=\"wp-block-columns is-layout-flex wp-container-core-columns-is-layout-9d6595d7 wp-block-columns-is-layout-flex\">\n<div class=\"wp-block-column is-layout-flow wp-block-column-is-layout-flow\" style=\"flex-basis:33.33%\">\n<figure class=\"wp-block-image size-full\"><a href=\"https:\/\/britz-catering.de\/wp-content\/uploads\/2021\/09\/menupics-large-asia.jpg\"><img loading=\"lazy\" decoding=\"async\" width=\"1000\" height=\"1000\" src=\"https:\/\/britz-catering.de\/wp-content\/uploads\/2021\/09\/menupics-large-asia.jpg\" alt=\"\" class=\"wp-image-198\" srcset=\"https:\/\/britz-catering.de\/wp-content\/uploads\/2021\/09\/menupics-large-asia.jpg 1000w, https:\/\/britz-catering.de\/wp-content\/uploads\/2021\/09\/menupics-large-asia-300x300.jpg 300w, https:\/\/britz-catering.de\/wp-content\/uploads\/2021\/09\/menupics-large-asia-150x150.jpg 150w, https:\/\/britz-catering.de\/wp-content\/uploads\/2021\/09\/menupics-large-asia-768x768.jpg 768w, https:\/\/britz-catering.de\/wp-content\/uploads\/2021\/09\/menupics-large-asia-230x230.jpg 230w, https:\/\/britz-catering.de\/wp-content\/uploads\/2021\/09\/menupics-large-asia-330x330.jpg 330w\" sizes=\"auto, (max-width: 1000px) 100vw, 1000px\" \/><\/a><\/figure>\n\n\n\n<p class=\"has-text-color font-size-20\">Mein<br><img decoding=\"async\" src=\"wp-content\/uploads\/2021\/09\/words-asiatisch.png\" alt=\"asiatisches\"><br>BUFFET<\/p><hr>\n<\/div>\n\n\n\n<div class=\"wp-block-column is-layout-flow wp-block-column-is-layout-flow\" style=\"flex-basis:66.66%\">\n<div class=\"franzlilie\">\n<p><img decoding=\"async\" src=\"wp-content\/uploads\/2021\/09\/words-fernost.png\" alt=\"fernoestlich inspiriert\"><\/p>\n<ul class=\"listicon\"><li class=\"font-size-20\">Glasnudelsalat mit s\u00fc\u00df-saurem Schweiner\u00fccken<br><\/li><li class=\"font-size-20\">Tatar vom Thunfisch mit Passionsfruchtmarinade<br><\/li><li class=\"font-size-20\">Mozzarella mit Mango und Szechuanpfeffer<br><\/li><li class=\"font-size-20\">Rosa gebratenes Roastbeef mit Koriander-Sesam-Lack<br><\/li><li class=\"font-size-20\">Salat vom Tandoori H\u00e4hnchen mit Mango-Chili-Salsa<br><\/li><li class=\"font-size-20\">Knackiger Blattsalat mit Sesamkokosdressing, ger\u00e4ucherte Entenbrustscheiben und Knoblauchcro\u00fbtons<\/li><\/ul>\n<p class=\"has-text-color font-size-20\" style=\"color:#96296c\">Knuspriger Schweinebraten &#8222;Kantoneser Art&#8220;<\/p>\n<p><img decoding=\"async\" src=\"wp-content\/uploads\/2021\/09\/words-und.png\" alt=\"und\"><\/p>\n<p class=\"has-text-color font-size-20\" style=\"color:#96296c\">Rotes Thaicurry von der H\u00e4hnchenbrust<\/p>\n<p class=\"has-text-color font-size-20\" style=\"color:#96296c\">Frisches Gem\u00fcse aus dem Wok und Duftreis<\/p>\n<p><img decoding=\"async\" src=\"wp-content\/uploads\/2021\/09\/words-oder.png\" alt=\"oder\"><\/p>\n<p class=\"has-text-color font-size-20\" style=\"color:#96296c\">Fischcurry mit Ingwer und M\u00f6hren<\/p>\n<\/div>\n<\/div>\n<\/div>\n\n\n\n<p class=\"has-background\" style=\"background-color:#96296c\"><\/p>\n","protected":false},"excerpt":{"rendered":"<p>MeinBUFFET Glasnudelsalat mit s\u00fc\u00df-saurem Schweiner\u00fccken Tatar vom Thunfisch mit Passionsfruchtmarinade Mozzarella mit Mango und Szechuanpfeffer Rosa gebratenes Roastbeef mit Koriander-Sesam-Lack Salat vom Tandoori H\u00e4hnchen mit Mango-Chili-Salsa Knackiger Blattsalat mit Sesamkokosdressing, ger\u00e4ucherte Entenbrustscheiben und Knoblauchcro\u00fbtons Knuspriger Schweinebraten &#8222;Kantoneser Art&#8220; Rotes Thaicurry<a class=\"more-link\" href=\"https:\/\/britz-catering.de\/?page_id=41\" title=\"asiatisches Buffet\"><span>Read more<\/span><\/a><\/p>\n","protected":false},"author":1,"featured_media":0,"parent":0,"menu_order":0,"comment_status":"closed","ping_status":"closed","template":"","meta":{"footnotes":""},"class_list":["post-41","page","type-page","status-publish","hentry"],"_links":{"self":[{"href":"https:\/\/britz-catering.de\/index.php?rest_route=\/wp\/v2\/pages\/41","targetHints":{"allow":["GET"]}}],"collection":[{"href":"https:\/\/britz-catering.de\/index.php?rest_route=\/wp\/v2\/pages"}],"about":[{"href":"https:\/\/britz-catering.de\/index.php?rest_route=\/wp\/v2\/types\/page"}],"author":[{"embeddable":true,"href":"https:\/\/britz-catering.de\/index.php?rest_route=\/wp\/v2\/users\/1"}],"replies":[{"embeddable":true,"href":"https:\/\/britz-catering.de\/index.php?rest_route=%2Fwp%2Fv2%2Fcomments&post=41"}],"version-history":[{"count":13,"href":"https:\/\/britz-catering.de\/index.php?rest_route=\/wp\/v2\/pages\/41\/revisions"}],"predecessor-version":[{"id":241,"href":"https:\/\/britz-catering.de\/index.php?rest_route=\/wp\/v2\/pages\/41\/revisions\/241"}],"wp:attachment":[{"href":"https:\/\/britz-catering.de\/index.php?rest_route=%2Fwp%2Fv2%2Fmedia&parent=41"}],"curies":[{"name":"wp","href":"https:\/\/api.w.org\/{rel}","templated":true}]}}